{"id":1365,"date":"2022-10-20T16:45:16","date_gmt":"2022-10-20T14:45:16","guid":{"rendered":"https:\/\/www.restaurant-koehler.com\/hotel\/"},"modified":"2024-11-30T09:59:10","modified_gmt":"2024-11-30T08:59:10","slug":"hotel","status":"publish","type":"page","link":"https:\/\/www.restaurant-koehler.com\/de\/hotel\/","title":{"rendered":"Unsere Zimmer"},"content":{"rendered":"\t\t<div data-elementor-type=\"wp-page\" data-elementor-id=\"1365\" class=\"elementor elementor-1365\" data-elementor-post-type=\"page\">\n\t\t\t\t\t\t<section class=\"elementor-section elementor-top-section elementor-element elementor-element-21eef19 elementor-section-full_width elementor-section-height-min-height elementor-section-items-stretch elementor-section-height-default\" data-id=\"21eef19\" data-element_type=\"section\" data-e-type=\"section\">\n\t\t\t\t\t\t<div class=\"elementor-container elementor-column-gap-default\">\n\t\t\t\t\t<div class=\"elementor-column elementor-col-100 elementor-top-column elementor-element elementor-element-9194921 elementor-invisible\" data-id=\"9194921\" data-element_type=\"column\" data-e-type=\"column\" data-settings=\"{&quot;background_background&quot;:&quot;classic&quot;,&quot;animation&quot;:&quot;fadeIn&quot;}\">\n\t\t\t<div class=\"elementor-widget-wrap elementor-element-populated\">\n\t\t\t\t\t<div class=\"elementor-background-overlay\"><\/div>\n\t\t\t\t\t\t<div class=\"elementor-element elementor-element-b1bf080 elementor-widget elementor-widget-heading\" data-id=\"b1bf080\" data-element_type=\"widget\" data-e-type=\"widget\" data-widget_type=\"heading.default\">\n\t\t\t\t\t<h1 class=\"elementor-heading-title elementor-size-default\">Unsere Zimmer<\/h1>\t\t\t\t<\/div>\n\t\t\t\t\t<\/div>\n\t\t<\/div>\n\t\t\t\t\t<\/div>\n\t\t<\/section>\n\t\t\t\t<section class=\"elementor-section elementor-top-section elementor-element elementor-element-174f4c6 elementor-section-full_width elementor-section-height-default elementor-section-height-default\" data-id=\"174f4c6\" data-element_type=\"section\" data-e-type=\"section\" id=\"histoire\">\n\t\t\t\t\t\t<div class=\"elementor-container elementor-column-gap-default\">\n\t\t\t\t\t<div class=\"elementor-column elementor-col-50 elementor-top-column elementor-element elementor-element-1b69385 elementor-invisible\" data-id=\"1b69385\" data-element_type=\"column\" data-e-type=\"column\" data-settings=\"{&quot;animation&quot;:&quot;fadeIn&quot;}\">\n\t\t\t<div class=\"elementor-widget-wrap elementor-element-populated\">\n\t\t\t\t\t\t<div class=\"elementor-element elementor-element-9520d53 elementor-widget elementor-widget-heading\" data-id=\"9520d53\" data-element_type=\"widget\" data-e-type=\"widget\" data-widget_type=\"heading.default\">\n\t\t\t\t\t<div class=\"elementor-heading-title elementor-size-default\">Das Gasthaus<\/div>\t\t\t\t<\/div>\n\t\t\t\t<div class=\"elementor-element elementor-element-d3e7aeb elementor-widget elementor-widget-heading\" data-id=\"d3e7aeb\" data-element_type=\"widget\" data-e-type=\"widget\" data-widget_type=\"heading.default\">\n\t\t\t\t\t<h2 class=\"elementor-heading-title elementor-size-default\">Willkommen in der Auberge du Cheval Blanc in Westhalten<\/h2>\t\t\t\t<\/div>\n\t\t\t\t<div class=\"elementor-element elementor-element-e393b94 elementor-widget elementor-widget-text-editor\" data-id=\"e393b94\" data-element_type=\"widget\" data-e-type=\"widget\" data-widget_type=\"text-editor.default\">\n\t\t\t\t\t\t\t\t\tLassen Sie sich von einem Aufenthalt in der Natur und in Ruhe verf\u00fchren!<br>\n<br>  Entdecken Sie die botanischen und Weinpfade zu Fu\u00df. Wanderfreunde k\u00f6nnen die vom Vogesenclub markierten Wanderwege nutzen.<br>\n<br>  Alle Informationen und Unterlagen finden Sie an der Rezeption!<br>\n<br>  Entspannen Sie sich nach Ihrem Urlaub bei einer ayurvedischen Wellness-Sitzung. Runden Sie Ihren Aufenthalt ab, indem Sie sich an den Tisch (im komplett renovierten Restaurantraum) setzen und die von K\u00fcchenchef Gilbert Koehler und seinem Team zubereiteten Gerichte probieren.<br><br> <strong>Direkt buchen:<\/strong><br> Tel: <span style=\"text-decoration: underline;\"><a href=\"http:\/\/+33389470116\">03 89 47 01 16<\/a><\/span><br> Fax: 03 89 47 64 40<br><br> E-Mail: <span style=\"text-decoration: underline;\"><a href=\"mailto:chevalblanc@restaurantkoehler.com\">chevalblanc@restaurantkoehler.com<\/a><\/span>\t\t\t\t\t\t\t\t<\/div>\n\t\t\t\t<div class=\"elementor-element elementor-element-5a1221c elementor-widget elementor-widget-button\" data-id=\"5a1221c\" data-element_type=\"widget\" data-e-type=\"widget\" data-widget_type=\"button.default\">\n\t\t\t\t\t\t\t\t\t\t<a class=\"elementor-button elementor-button-link elementor-size-sm\" href=\"https:\/\/www.secure-hotel-booking.com\/smart\/Auberge-du-cheval-Blanc\/2QWC\/fr\/\" target=\"_blank\">\n\t\t\t\t\t\t<span class=\"elementor-button-content-wrapper\">\n\t\t\t\t\t\t\t\t\t<span class=\"elementor-button-text\">Buchen Sie direkt online<\/span>\n\t\t\t\t\t<\/span>\n\t\t\t\t\t<\/a>\n\t\t\t\t\t\t\t\t<\/div>\n\t\t\t\t\t<\/div>\n\t\t<\/div>\n\t\t\t\t<div class=\"elementor-column elementor-col-50 elementor-top-column elementor-element elementor-element-9bc2e15 elementor-invisible\" data-id=\"9bc2e15\" data-element_type=\"column\" data-e-type=\"column\" data-settings=\"{&quot;background_background&quot;:&quot;classic&quot;,&quot;animation&quot;:&quot;fadeIn&quot;,&quot;animation_delay&quot;:400}\">\n\t\t\t<div class=\"elementor-widget-wrap elementor-element-populated\">\n\t\t\t\t\t\t<div class=\"elementor-element elementor-element-8c5a33e elementor-widget elementor-widget-spacer\" data-id=\"8c5a33e\" data-element_type=\"widget\" data-e-type=\"widget\" data-widget_type=\"spacer.default\">\n\t\t\t\t\t\t\t<div class=\"elementor-spacer\">\n\t\t\t<div class=\"elementor-spacer-inner\"><\/div>\n\t\t<\/div>\n\t\t\t\t\t\t<\/div>\n\t\t\t\t\t<\/div>\n\t\t<\/div>\n\t\t\t\t\t<\/div>\n\t\t<\/section>\n\t\t\t\t<section class=\"elementor-section elementor-top-section elementor-element elementor-element-7f44f00 elementor-section-full_width elementor-reverse-mobile elementor-section-height-default elementor-section-height-default\" data-id=\"7f44f00\" data-element_type=\"section\" data-e-type=\"section\">\n\t\t\t\t\t\t<div class=\"elementor-container elementor-column-gap-default\">\n\t\t\t\t\t<div class=\"elementor-column elementor-col-50 elementor-top-column elementor-element elementor-element-17b5c91 elementor-invisible\" data-id=\"17b5c91\" data-element_type=\"column\" data-e-type=\"column\" data-settings=\"{&quot;background_background&quot;:&quot;classic&quot;,&quot;animation&quot;:&quot;fadeIn&quot;}\">\n\t\t\t<div class=\"elementor-widget-wrap elementor-element-populated\">\n\t\t\t\t\t\t<div class=\"elementor-element elementor-element-3bfbeca elementor-widget elementor-widget-spacer\" data-id=\"3bfbeca\" data-element_type=\"widget\" data-e-type=\"widget\" data-widget_type=\"spacer.default\">\n\t\t\t\t\t\t\t<div class=\"elementor-spacer\">\n\t\t\t<div class=\"elementor-spacer-inner\"><\/div>\n\t\t<\/div>\n\t\t\t\t\t\t<\/div>\n\t\t\t\t\t<\/div>\n\t\t<\/div>\n\t\t\t\t<div class=\"elementor-column elementor-col-50 elementor-top-column elementor-element elementor-element-89eabf4 elementor-invisible\" data-id=\"89eabf4\" data-element_type=\"column\" data-e-type=\"column\" data-settings=\"{&quot;animation&quot;:&quot;fadeIn&quot;,&quot;animation_delay&quot;:400}\">\n\t\t\t<div class=\"elementor-widget-wrap elementor-element-populated\">\n\t\t\t\t\t\t<div class=\"elementor-element elementor-element-594201d elementor-widget elementor-widget-heading\" data-id=\"594201d\" data-element_type=\"widget\" data-e-type=\"widget\" data-widget_type=\"heading.default\">\n\t\t\t\t\t<div class=\"elementor-heading-title elementor-size-default\">Eine Familiengeschichte<\/div>\t\t\t\t<\/div>\n\t\t\t\t<div class=\"elementor-element elementor-element-bbd826d elementor-widget elementor-widget-heading\" data-id=\"bbd826d\" data-element_type=\"widget\" data-e-type=\"widget\" data-widget_type=\"heading.default\">\n\t\t\t\t\t<h2 class=\"elementor-heading-title elementor-size-default\">Zwischen Tradition &amp; Moderne<\/h2>\t\t\t\t<\/div>\n\t\t\t\t<div class=\"elementor-element elementor-element-4178f14 elementor-widget elementor-widget-text-editor\" data-id=\"4178f14\" data-element_type=\"widget\" data-e-type=\"widget\" data-widget_type=\"text-editor.default\">\n\t\t\t\t\t\t\t\t\t<p>Am Empfang f\u00fchrt Caroline Koehler die Familientradition fort, die seit mehr als einem Jahrhundert besteht. Sie empf\u00e4ngt herzlich sowohl durchreisende Feinschmecker, die eine traditionelle und raffinierte K\u00fcche entdecken m\u00f6chten, als auch Stammg\u00e4ste, die das Restaurant zum Teil schon seit \u00fcber 50 Jahren besuchen.<\/p>\n<p>Sie sind eingeladen, die Ruhe der Veranda (mit Blick auf die K\u00fcchen) und ihre zeitgen\u00f6ssische Architektur zu genie\u00dfen, um einen Drink zu genie\u00dfen, oder direkt in den Speisesaal zu gehen, um in die Geschichte der Familie Koehler einzutauchen und ein angenehmes Abendessen zu genie\u00dfen Moment, in dem sich Gastronomie auf Austausch und gute Laune reimt.<\/p>\n<p>Um diesen Familiengeist, der ihr so \u200b\u200bam Herzen liegt, zu bewahren, empf\u00e4ngt die Familie K\u00f6hler, Mitglied der Vereinigung der Sterne des Elsass, ihre G\u00e4ste an demselben Ort, an dem bereits im letzten Jahrhundert Kunden des von der Familie gef\u00fchrten Relais Poste untergebracht waren ,<br \/> Und auch die allerersten Fans der k\u00f6stlichen lokalen K\u00fcche der Urgro\u00dfmutter der Hausherrin: M\u00e9lanie Koehler.<\/p>\n<p><strong>Direkt buchen:<\/strong><br \/> Tel: <span style=\"text-decoration: underline;\"><a href=\"http:\/\/tel+33389470116\">03 89 47 01 16<\/a><\/span><br \/> Fax: 03 89 47 64 40<\/p>\n<p>Email: <span style=\"text-decoration: underline;\"><br \/>\n  <a href=\"mailto:chevalblanc@restaurantkoehler.com\">chevalblanc@restaurantkoehler.com<\/a><br \/>\n<\/span><\/p>\n\t\t\t\t\t\t\t\t<\/div>\n\t\t\t\t<div class=\"elementor-element elementor-element-b3d4be0 elementor-widget elementor-widget-button\" data-id=\"b3d4be0\" data-element_type=\"widget\" data-e-type=\"widget\" data-widget_type=\"button.default\">\n\t\t\t\t\t\t\t\t\t\t<a class=\"elementor-button elementor-button-link elementor-size-sm\" href=\"https:\/\/www.secure-hotel-booking.com\/smart\/Auberge-du-cheval-Blanc\/2QWC\/fr\/\" target=\"_blank\">\n\t\t\t\t\t\t<span class=\"elementor-button-content-wrapper\">\n\t\t\t\t\t\t\t\t\t<span class=\"elementor-button-text\">Buchen Sie direkt online<\/span>\n\t\t\t\t\t<\/span>\n\t\t\t\t\t<\/a>\n\t\t\t\t\t\t\t\t<\/div>\n\t\t\t\t\t<\/div>\n\t\t<\/div>\n\t\t\t\t\t<\/div>\n\t\t<\/section>\n\t\t\t\t<section class=\"elementor-section elementor-top-section elementor-element elementor-element-2580404 elementor-section-boxed elementor-section-height-default elementor-section-height-default\" data-id=\"2580404\" data-element_type=\"section\" data-e-type=\"section\" id=\"les-chambres\" data-settings=\"{&quot;background_background&quot;:&quot;classic&quot;}\">\n\t\t\t\t\t\t<div class=\"elementor-container elementor-column-gap-default\">\n\t\t\t\t\t<div class=\"elementor-column elementor-col-100 elementor-top-column elementor-element elementor-element-97c6f57 elementor-invisible\" data-id=\"97c6f57\" data-element_type=\"column\" data-e-type=\"column\" data-settings=\"{&quot;animation&quot;:&quot;fadeInUp&quot;}\">\n\t\t\t<div class=\"elementor-widget-wrap elementor-element-populated\">\n\t\t\t\t\t\t<div class=\"elementor-element elementor-element-84c36ef elementor-widget elementor-widget-heading\" data-id=\"84c36ef\" data-element_type=\"widget\" data-e-type=\"widget\" data-widget_type=\"heading.default\">\n\t\t\t\t\t<h2 class=\"elementor-heading-title elementor-size-default\">Die Zimmer<\/h2>\t\t\t\t<\/div>\n\t\t\t\t<div class=\"elementor-element elementor-element-7cabb53 elementor-widget elementor-widget-text-editor\" data-id=\"7cabb53\" data-element_type=\"widget\" data-e-type=\"widget\" data-widget_type=\"text-editor.default\">\n\t\t\t\t\t\t\t\t\t<h5><em>Ein charmantes Haus im Herzen der els\u00e4ssischen Weinberge.<\/em><\/h5>\n\t\t\t\t\t\t\t\t<\/div>\n\t\t\t\t<section class=\"elementor-section elementor-inner-section elementor-element elementor-element-5898ae2 elementor-section-boxed elementor-section-height-default elementor-section-height-default\" data-id=\"5898ae2\" data-element_type=\"section\" data-e-type=\"section\" data-settings=\"{&quot;background_background&quot;:&quot;classic&quot;}\">\n\t\t\t\t\t\t<div class=\"elementor-container elementor-column-gap-default\">\n\t\t\t\t\t<div class=\"elementor-column elementor-col-50 elementor-inner-column elementor-element elementor-element-f2767f6\" data-id=\"f2767f6\" data-element_type=\"column\" data-e-type=\"column\" data-settings=\"{&quot;background_background&quot;:&quot;classic&quot;}\">\n\t\t\t<div class=\"elementor-widget-wrap elementor-element-populated\">\n\t\t\t\t\t\t<div class=\"elementor-element elementor-element-deedac4 elementor-widget elementor-widget-spacer\" data-id=\"deedac4\" data-element_type=\"widget\" data-e-type=\"widget\" data-widget_type=\"spacer.default\">\n\t\t\t\t\t\t\t<div class=\"elementor-spacer\">\n\t\t\t<div class=\"elementor-spacer-inner\"><\/div>\n\t\t<\/div>\n\t\t\t\t\t\t<\/div>\n\t\t\t\t\t<\/div>\n\t\t<\/div>\n\t\t\t\t<div class=\"elementor-column elementor-col-50 elementor-inner-column elementor-element elementor-element-d371db9\" data-id=\"d371db9\" data-element_type=\"column\" data-e-type=\"column\" data-settings=\"{&quot;background_background&quot;:&quot;classic&quot;}\">\n\t\t\t<div class=\"elementor-widget-wrap elementor-element-populated\">\n\t\t\t\t\t\t<div class=\"elementor-element elementor-element-3690d6d elementor-widget elementor-widget-heading\" data-id=\"3690d6d\" data-element_type=\"widget\" data-e-type=\"widget\" data-widget_type=\"heading.default\">\n\t\t\t\t\t<h3 class=\"elementor-heading-title elementor-size-default\">Junior Suite<\/h3>\t\t\t\t<\/div>\n\t\t\t\t<div class=\"elementor-element elementor-element-3db2ee5 elementor-widget elementor-widget-text-editor\" data-id=\"3db2ee5\" data-element_type=\"widget\" data-e-type=\"widget\" data-widget_type=\"text-editor.default\">\n\t\t\t\t\t\t\t\t\t<p><strong>Zimmer mit 37 m\u00b2.<\/strong><\/p>\n<p>Mit Balkon, Duschbad, Blick auf den privaten Garten, Minibar, LCD-Fernseher.<\/p>\n<p>Das ideale Zimmer, um sich ein paar Tage in Ruhe zu erholen.<\/p>\n<p>&#8212;<\/p>\n<p>AB 105 \u20ac, JE NACH SAISON<\/p>\n<p><strong>Bedingungen:<\/strong><\/p>\n<p>Kostenlose Stornierung bis 72 Stunden vorher!<\/p>\n<p>Bei Nichterscheinen oder versp\u00e4teter Stornierung wird die erste Nacht abgebucht.<\/p>\n\t\t\t\t\t\t\t\t<\/div>\n\t\t\t\t\t<\/div>\n\t\t<\/div>\n\t\t\t\t\t<\/div>\n\t\t<\/section>\n\t\t\t\t<section class=\"elementor-section elementor-inner-section elementor-element elementor-element-2dbb052 elementor-section-boxed elementor-section-height-default elementor-section-height-default\" data-id=\"2dbb052\" data-element_type=\"section\" data-e-type=\"section\" data-settings=\"{&quot;background_background&quot;:&quot;classic&quot;}\">\n\t\t\t\t\t\t<div class=\"elementor-container elementor-column-gap-default\">\n\t\t\t\t\t<div class=\"elementor-column elementor-col-50 elementor-inner-column elementor-element elementor-element-dc638d2\" data-id=\"dc638d2\" data-element_type=\"column\" data-e-type=\"column\" data-settings=\"{&quot;background_background&quot;:&quot;classic&quot;}\">\n\t\t\t<div class=\"elementor-widget-wrap elementor-element-populated\">\n\t\t\t\t\t\t<div class=\"elementor-element elementor-element-ebd4ee3 elementor-widget elementor-widget-spacer\" data-id=\"ebd4ee3\" data-element_type=\"widget\" data-e-type=\"widget\" data-widget_type=\"spacer.default\">\n\t\t\t\t\t\t\t<div class=\"elementor-spacer\">\n\t\t\t<div class=\"elementor-spacer-inner\"><\/div>\n\t\t<\/div>\n\t\t\t\t\t\t<\/div>\n\t\t\t\t\t<\/div>\n\t\t<\/div>\n\t\t\t\t<div class=\"elementor-column elementor-col-50 elementor-inner-column elementor-element elementor-element-137c544\" data-id=\"137c544\" data-element_type=\"column\" data-e-type=\"column\" data-settings=\"{&quot;background_background&quot;:&quot;classic&quot;}\">\n\t\t\t<div class=\"elementor-widget-wrap elementor-element-populated\">\n\t\t\t\t\t\t<div class=\"elementor-element elementor-element-22b775b elementor-widget elementor-widget-heading\" data-id=\"22b775b\" data-element_type=\"widget\" data-e-type=\"widget\" data-widget_type=\"heading.default\">\n\t\t\t\t\t<h3 class=\"elementor-heading-title elementor-size-default\">Twin superior Gartengeschoss<\/h3>\t\t\t\t<\/div>\n\t\t\t\t<div class=\"elementor-element elementor-element-662e0ca elementor-widget elementor-widget-text-editor\" data-id=\"662e0ca\" data-element_type=\"widget\" data-e-type=\"widget\" data-widget_type=\"text-editor.default\">\n\t\t\t\t\t\t\t\t\t<p><strong>Sch\u00f6nes Zimmer, 30 m\u00b2 + Terrasse, mit allem Komfort.<\/strong><\/p>\n<p>Ideal f\u00fcr Outdoor-Liebhaber und Reisende mit Haustieren.<\/p>\n<p>&#8212;<\/p>\n<p>AB 95 \u20ac, JE NACH SAISON<\/p>\n<p><strong>Bedingungen:<\/strong><\/p>\n<p>Kostenlose Stornierung bis 72 Stunden vorher!<\/p>\n<p>Bei Nichterscheinen oder versp\u00e4teter Stornierung wird die erste Nacht abgebucht<\/p>\n\t\t\t\t\t\t\t\t<\/div>\n\t\t\t\t\t<\/div>\n\t\t<\/div>\n\t\t\t\t\t<\/div>\n\t\t<\/section>\n\t\t\t\t<section class=\"elementor-section elementor-inner-section elementor-element elementor-element-e902495 elementor-section-boxed elementor-section-height-default elementor-section-height-default\" data-id=\"e902495\" data-element_type=\"section\" data-e-type=\"section\" data-settings=\"{&quot;background_background&quot;:&quot;classic&quot;}\">\n\t\t\t\t\t\t<div class=\"elementor-container elementor-column-gap-default\">\n\t\t\t\t\t<div class=\"elementor-column elementor-col-50 elementor-inner-column elementor-element elementor-element-fae0241\" data-id=\"fae0241\" data-element_type=\"column\" data-e-type=\"column\" data-settings=\"{&quot;background_background&quot;:&quot;classic&quot;}\">\n\t\t\t<div class=\"elementor-widget-wrap elementor-element-populated\">\n\t\t\t\t\t\t<div class=\"elementor-element elementor-element-2b01387 elementor-widget elementor-widget-spacer\" data-id=\"2b01387\" data-element_type=\"widget\" data-e-type=\"widget\" data-widget_type=\"spacer.default\">\n\t\t\t\t\t\t\t<div class=\"elementor-spacer\">\n\t\t\t<div class=\"elementor-spacer-inner\"><\/div>\n\t\t<\/div>\n\t\t\t\t\t\t<\/div>\n\t\t\t\t\t<\/div>\n\t\t<\/div>\n\t\t\t\t<div class=\"elementor-column elementor-col-50 elementor-inner-column elementor-element elementor-element-d92236a\" data-id=\"d92236a\" data-element_type=\"column\" data-e-type=\"column\" data-settings=\"{&quot;background_background&quot;:&quot;classic&quot;}\">\n\t\t\t<div class=\"elementor-widget-wrap elementor-element-populated\">\n\t\t\t\t\t\t<div class=\"elementor-element elementor-element-021d454 elementor-widget elementor-widget-heading\" data-id=\"021d454\" data-element_type=\"widget\" data-e-type=\"widget\" data-widget_type=\"heading.default\">\n\t\t\t\t\t<h3 class=\"elementor-heading-title elementor-size-default\">Doppelzimmer Komfort<\/h3>\t\t\t\t<\/div>\n\t\t\t\t<div class=\"elementor-element elementor-element-5c11c70 elementor-widget elementor-widget-text-editor\" data-id=\"5c11c70\" data-element_type=\"widget\" data-e-type=\"widget\" data-widget_type=\"text-editor.default\">\n\t\t\t\t\t\t\t\t\t<p><strong>Zimmer mit 30m\u00b2<\/strong><\/p>\n<p>Mit Balkon, Duschbad, Blick auf den privaten Garten, Minibar, LCD-Fernseher.<\/p>\n<p>&#8212;<\/p>\n<p>AB 95 \u20ac, JE NACH SAISON<\/p>\n<p><strong>Bedingungen:<\/strong><\/p>\n<p>Kostenlose Stornierung bis 72 Stunden vorher!<\/p>\n<p>Bei Nichterscheinen oder versp\u00e4teter Stornierung wird die erste Nacht abgebucht<\/p>\n\t\t\t\t\t\t\t\t<\/div>\n\t\t\t\t\t<\/div>\n\t\t<\/div>\n\t\t\t\t\t<\/div>\n\t\t<\/section>\n\t\t\t\t\t<\/div>\n\t\t<\/div>\n\t\t\t\t\t<\/div>\n\t\t<\/section>\n\t\t\t\t<section class=\"elementor-section elementor-top-section elementor-element elementor-element-3fbb7f4 elementor-section-boxed elementor-section-height-default elementor-section-height-default\" data-id=\"3fbb7f4\" data-element_type=\"section\" data-e-type=\"section\" id=\"tarifs-horaires\">\n\t\t\t\t\t\t<div class=\"elementor-container elementor-column-gap-default\">\n\t\t\t\t\t<div class=\"elementor-column elementor-col-100 elementor-top-column elementor-element elementor-element-2b6504b elementor-invisible\" data-id=\"2b6504b\" data-element_type=\"column\" data-e-type=\"column\" data-settings=\"{&quot;animation&quot;:&quot;fadeInUp&quot;}\">\n\t\t\t<div class=\"elementor-widget-wrap elementor-element-populated\">\n\t\t\t\t\t\t<div class=\"elementor-element elementor-element-0f4b6c3 elementor-widget elementor-widget-heading\" data-id=\"0f4b6c3\" data-element_type=\"widget\" data-e-type=\"widget\" data-widget_type=\"heading.default\">\n\t\t\t\t\t<h2 class=\"elementor-heading-title elementor-size-default\">Preise &amp; \u00d6ffnungszeiten<\/h2>\t\t\t\t<\/div>\n\t\t\t\t<div class=\"elementor-element elementor-element-c5170bc elementor-widget elementor-widget-text-editor\" data-id=\"c5170bc\" data-element_type=\"widget\" data-e-type=\"widget\" data-widget_type=\"text-editor.default\">\n\t\t\t\t\t\t\t\t\t<p><strong>Sichern Sie sich den besten Preis, <\/strong><strong>Buchen Sie direkt!<\/strong><\/p>\n<p>\u2013 Doppelbett: ab 95 \u20ac*<\/p>\n<p>\u2013 Zwei Betten: ab 95 \u20ac*<\/p>\n<p>\u2013 Junior Suite: ab 105\u20ac*<\/p>\n<p>\u2013 Doppelzimmer mit Halbpension ab 160\u20ac\/Nacht\/Person*<br \/> (*Je nach Saison und Verf\u00fcgbarkeit)<\/p>\n<p>Alle unsere Angebote und Verf\u00fcgbarkeiten finden Sie, wenn Sie auf den Reiter &#8222;Buchung&#8220; klicken.<\/p>\n<p>&#8212;<\/p>\n<p><strong>Preise f\u00fcr Extras :<\/strong><\/p>\n<p>&#8211; Kontinentales Fr\u00fchst\u00fcck: 15 \u20ac<\/p>\n<p>&#8211; Fr\u00fchst\u00fccksbuffet 18\u20ac<\/p>\n<p>&#8211; Aufpreis f\u00fcr Haustiere: 10 \u20ac.<\/p>\n<p>Ayurvedische Behandlungen (60-min\u00fctige Sitzung): von 75 \u20ac bis 90 \u20ac.<\/p>\n<p>&#8212;<\/p>\n<p><strong>Tarife f\u00fcr Unternehmen :<\/strong><\/p>\n<p>Mittwoch bis Freitag<\/p>\n<p>&#8211; Business-Einzelzimmer ab: 69 \u20ac*<br \/> (*Je nach Saison ohne Fr\u00fchst\u00fcck)<\/p>\n<p>ABENDB\u00dcHNE AB 105\u20ac<\/p>\n<p>(3-G\u00e4nge-Men\u00fc ohne Getr\u00e4nke + \u00dcbernachtung + Fr\u00fchst\u00fcck)<\/p>\n<p>&#8212;<\/p>\n<p><strong>Zeitpl\u00e4ne:<\/strong><\/p>\n<p>Das Fr\u00fchst\u00fcck wird von 8:00 bis 10:00 Uhr serviert.<\/p>\n<p><strong>Bedingungen:<\/strong><\/p>\n<p><span style=\"color: #000000;\">Kostenlose Stornierung bis 72 Stunden vorher!<\/span><\/p>\n<p><strong><span style=\"color: #ff0000;\">Bei Nichterscheinen oder versp\u00e4teter Stornierung wird die erste Nacht abgebucht<\/span><\/strong><\/p>\n\t\t\t\t\t\t\t\t<\/div>\n\t\t\t\t\t<\/div>\n\t\t<\/div>\n\t\t\t\t\t<\/div>\n\t\t<\/section>\n\t\t\t\t<\/div>\n\t\t","protected":false},"excerpt":{"rendered":"<p>Unsere Zimmer Das Gasthaus Willkommen in der Auberge du Cheval Blanc in Westhalten Lassen Sie sich von einem Aufenthalt in der Natur und in Ruhe verf\u00fchren! Entdecken Sie die botanischen und Weinpfade zu Fu\u00df. Wanderfreunde k\u00f6nnen die vom Vogesenclub markierten Wanderwege nutzen. Alle Informationen und Unterlagen finden Sie an der Rezeption! Entspannen Sie sich nach [&hellip;]<\/p>\n","protected":false},"author":1,"featured_media":0,"parent":0,"menu_order":0,"comment_status":"closed","ping_status":"closed","template":"","meta":{"_acf_changed":false,"footnotes":""},"coauthors":[7],"class_list":["post-1365","page","type-page","status-publish","hentry"],"acf":[],"_links":{"self":[{"href":"https:\/\/www.restaurant-koehler.com\/de\/wp-json\/wp\/v2\/pages\/1365","targetHints":{"allow":["GET"]}}],"collection":[{"href":"https:\/\/www.restaurant-koehler.com\/de\/wp-json\/wp\/v2\/pages"}],"about":[{"href":"https:\/\/www.restaurant-koehler.com\/de\/wp-json\/wp\/v2\/types\/page"}],"author":[{"embeddable":true,"href":"https:\/\/www.restaurant-koehler.com\/de\/wp-json\/wp\/v2\/users\/1"}],"replies":[{"embeddable":true,"href":"https:\/\/www.restaurant-koehler.com\/de\/wp-json\/wp\/v2\/comments?post=1365"}],"version-history":[{"count":8,"href":"https:\/\/www.restaurant-koehler.com\/de\/wp-json\/wp\/v2\/pages\/1365\/revisions"}],"predecessor-version":[{"id":2960,"href":"https:\/\/www.restaurant-koehler.com\/de\/wp-json\/wp\/v2\/pages\/1365\/revisions\/2960"}],"wp:attachment":[{"href":"https:\/\/www.restaurant-koehler.com\/de\/wp-json\/wp\/v2\/media?parent=1365"}],"wp:term":[{"taxonomy":"author","embeddable":true,"href":"https:\/\/www.restaurant-koehler.com\/de\/wp-json\/wp\/v2\/coauthors?post=1365"}],"curies":[{"name":"wp","href":"https:\/\/api.w.org\/{rel}","templated":true}]}}