{"id":1354,"date":"2022-10-20T17:29:43","date_gmt":"2022-10-20T15:29:43","guid":{"rendered":"https:\/\/www.restaurant-koehler.com\/wohlbefinden\/"},"modified":"2024-02-13T09:08:50","modified_gmt":"2024-02-13T08:08:50","slug":"wohlbefinden","status":"publish","type":"page","link":"https:\/\/www.restaurant-koehler.com\/de\/wohlbefinden\/","title":{"rendered":"Wohlbefinden"},"content":{"rendered":"\t\t<div data-elementor-type=\"wp-page\" data-elementor-id=\"1354\" class=\"elementor elementor-1354 elementor-153\" data-elementor-post-type=\"page\">\n\t\t\t\t\t\t<section class=\"elementor-section elementor-top-section elementor-element elementor-element-f7c37b0 elementor-section-full_width elementor-section-height-min-height elementor-section-items-stretch elementor-section-height-default\" data-id=\"f7c37b0\" data-element_type=\"section\" data-e-type=\"section\">\n\t\t\t\t\t\t<div class=\"elementor-container elementor-column-gap-default\">\n\t\t\t\t\t<div class=\"elementor-column elementor-col-100 elementor-top-column elementor-element elementor-element-d860971 elementor-invisible\" data-id=\"d860971\" data-element_type=\"column\" data-e-type=\"column\" data-settings=\"{&quot;background_background&quot;:&quot;classic&quot;,&quot;animation&quot;:&quot;fadeIn&quot;}\">\n\t\t\t<div class=\"elementor-widget-wrap elementor-element-populated\">\n\t\t\t\t\t<div class=\"elementor-background-overlay\"><\/div>\n\t\t\t\t\t\t<div class=\"elementor-element elementor-element-5aa5cce elementor-widget elementor-widget-heading\" data-id=\"5aa5cce\" data-element_type=\"widget\" data-e-type=\"widget\" data-widget_type=\"heading.default\">\n\t\t\t\t\t<h1 class=\"elementor-heading-title elementor-size-default\">Wohlbefinden<\/h1>\t\t\t\t<\/div>\n\t\t\t\t\t<\/div>\n\t\t<\/div>\n\t\t\t\t\t<\/div>\n\t\t<\/section>\n\t\t\t\t<section class=\"elementor-section elementor-top-section elementor-element elementor-element-1079059 elementor-section-full_width elementor-section-height-default elementor-section-height-default\" data-id=\"1079059\" data-element_type=\"section\" data-e-type=\"section\">\n\t\t\t\t\t\t<div class=\"elementor-container elementor-column-gap-default\">\n\t\t\t\t\t<div class=\"elementor-column elementor-col-50 elementor-top-column elementor-element elementor-element-4e00acb elementor-invisible\" data-id=\"4e00acb\" data-element_type=\"column\" data-e-type=\"column\" data-settings=\"{&quot;animation&quot;:&quot;fadeIn&quot;}\">\n\t\t\t<div class=\"elementor-widget-wrap elementor-element-populated\">\n\t\t\t\t\t\t<div class=\"elementor-element elementor-element-944bc59 elementor-widget elementor-widget-heading\" data-id=\"944bc59\" data-element_type=\"widget\" data-e-type=\"widget\" data-widget_type=\"heading.default\">\n\t\t\t\t\t<div class=\"elementor-heading-title elementor-size-default\">Neuheit<\/div>\t\t\t\t<\/div>\n\t\t\t\t<div class=\"elementor-element elementor-element-6ca8bf6 elementor-widget elementor-widget-heading\" data-id=\"6ca8bf6\" data-element_type=\"widget\" data-e-type=\"widget\" data-widget_type=\"heading.default\">\n\t\t\t\t\t<h2 class=\"elementor-heading-title elementor-size-default\">Lichttherapie<\/h2>\t\t\t\t<\/div>\n\t\t\t\t<div class=\"elementor-element elementor-element-4b964d6 elementor-widget elementor-widget-text-editor\" data-id=\"4b964d6\" data-element_type=\"widget\" data-e-type=\"widget\" data-widget_type=\"text-editor.default\">\n\t\t\t\t\t\t\t\t\tLust, fit in den Tag zu starten? Nach dem Mittagessen eine kurze Pause zu machen? Wir haben die L\u00f6sung mit Lichttherapie-Sitzungen!<br>\n<br>\nAm Morgen sorgen diese Sitzungen daf\u00fcr, dass Sie dank positiver Visualisierung gest\u00e4rkt in den Tag starten.<br>\n<br>\nNachmittags gibt es echte Turboschl\u00e4fchen, die eine erholsame Pause mit Musik erm\u00f6glichen und gleichzeitig den Geist anregen, Ergebnis: energetisierend!<br>\n<br>\nAm Abend stoppen die pulsierenden Farben in Verbindung mit Stimmen und Musik die gr\u00fcblerischen Gedanken und bringen den Geist auf nat\u00fcrliche Weise zur Ruhe.<br>\n<br>\n<span style=\"text-decoration: underline;\"><strong>Tarife :<\/strong><\/span><br>\n<br>\n<strong>ENTDECKUNGSSITZUNG (10\/15 Minuten) KOSTENLOS<\/strong><br>\n<br>\n<strong>Steinbutt-Sitzung (5 Minuten) 8 \u20ac<\/strong><br>\n<br>\n<strong>Steinbutt-Sitzung (10 Minuten) 15 \u20ac<\/strong><br>\n<br>\n<strong>ENTSPANNUNGSSITZUNG (30\/40 Minuten) 30 \u20ac<\/strong><br>\n<br>\n&nbsp;<br>\n<br>\n<strong>UM EINE SITZUNG ZU BUCHEN 06 85 10 93 27<\/strong>\t\t\t\t\t\t\t\t<\/div>\n\t\t\t\t\t<\/div>\n\t\t<\/div>\n\t\t\t\t<div class=\"elementor-column elementor-col-50 elementor-top-column elementor-element elementor-element-31e5dd8 elementor-invisible\" data-id=\"31e5dd8\" data-element_type=\"column\" data-e-type=\"column\" data-settings=\"{&quot;background_background&quot;:&quot;classic&quot;,&quot;animation&quot;:&quot;fadeIn&quot;,&quot;animation_delay&quot;:400}\">\n\t\t\t<div class=\"elementor-widget-wrap elementor-element-populated\">\n\t\t\t\t\t\t<div class=\"elementor-element elementor-element-113b613 elementor-widget elementor-widget-spacer\" data-id=\"113b613\" data-element_type=\"widget\" data-e-type=\"widget\" data-widget_type=\"spacer.default\">\n\t\t\t\t\t\t\t<div class=\"elementor-spacer\">\n\t\t\t<div class=\"elementor-spacer-inner\"><\/div>\n\t\t<\/div>\n\t\t\t\t\t\t<\/div>\n\t\t\t\t\t<\/div>\n\t\t<\/div>\n\t\t\t\t\t<\/div>\n\t\t<\/section>\n\t\t\t\t<section class=\"elementor-section elementor-top-section elementor-element elementor-element-50dc92e elementor-section-full_width elementor-reverse-mobile elementor-section-height-default elementor-section-height-default\" data-id=\"50dc92e\" data-element_type=\"section\" data-e-type=\"section\">\n\t\t\t\t\t\t<div class=\"elementor-container elementor-column-gap-default\">\n\t\t\t\t\t<div class=\"elementor-column elementor-col-50 elementor-top-column elementor-element elementor-element-d3e68d6 elementor-invisible\" data-id=\"d3e68d6\" data-element_type=\"column\" data-e-type=\"column\" data-settings=\"{&quot;background_background&quot;:&quot;classic&quot;,&quot;animation&quot;:&quot;fadeIn&quot;}\">\n\t\t\t<div class=\"elementor-widget-wrap elementor-element-populated\">\n\t\t\t\t\t\t<div class=\"elementor-element elementor-element-920f482 elementor-widget elementor-widget-spacer\" data-id=\"920f482\" data-element_type=\"widget\" data-e-type=\"widget\" data-widget_type=\"spacer.default\">\n\t\t\t\t\t\t\t<div class=\"elementor-spacer\">\n\t\t\t<div class=\"elementor-spacer-inner\"><\/div>\n\t\t<\/div>\n\t\t\t\t\t\t<\/div>\n\t\t\t\t\t<\/div>\n\t\t<\/div>\n\t\t\t\t<div class=\"elementor-column elementor-col-50 elementor-top-column elementor-element elementor-element-6c26f65 elementor-invisible\" data-id=\"6c26f65\" data-element_type=\"column\" data-e-type=\"column\" data-settings=\"{&quot;animation&quot;:&quot;fadeIn&quot;,&quot;animation_delay&quot;:400}\">\n\t\t\t<div class=\"elementor-widget-wrap elementor-element-populated\">\n\t\t\t\t\t\t<div class=\"elementor-element elementor-element-061487f elementor-widget elementor-widget-heading\" data-id=\"061487f\" data-element_type=\"widget\" data-e-type=\"widget\" data-widget_type=\"heading.default\">\n\t\t\t\t\t<div class=\"elementor-heading-title elementor-size-default\">Zu entdecken<\/div>\t\t\t\t<\/div>\n\t\t\t\t<div class=\"elementor-element elementor-element-85f5add elementor-widget elementor-widget-heading\" data-id=\"85f5add\" data-element_type=\"widget\" data-e-type=\"widget\" data-widget_type=\"heading.default\">\n\t\t\t\t\t<h2 class=\"elementor-heading-title elementor-size-default\">Ayurvedisches Wohlbefinden<\/h2>\t\t\t\t<\/div>\n\t\t\t\t<div class=\"elementor-element elementor-element-93ebce2 elementor-widget elementor-widget-text-editor\" data-id=\"93ebce2\" data-element_type=\"widget\" data-e-type=\"widget\" data-widget_type=\"text-editor.default\">\n\t\t\t\t\t\t\t\t\tDie aus Indien stammende Ayurveda-Massage, genannt &#8222;Abhyanga&#8220;, ist eine Basismassage mit warmen \u00e4therischen \u00d6len am ganzen K\u00f6rper. Sie wird durch Bewegungen am ganzen K\u00f6rper umgesetzt: Abtasten, Gl\u00e4tten, Streichen und Dr\u00fccken. Diese werden in der Regel eine Stunde lang in Unterw\u00e4sche und vollst\u00e4ndig einge\u00f6lt praktiziert, entspannen und bauen nerv\u00f6se Spannungen ab.<br>\n<br>\nAyurvedische Abhyanga-Massage = Entspannungsmassage.<br>\n<br>\nWir bieten diese Wellness-Sitzungen nach der Methode von Dr. Shahid Nasim an<br>\ndie ihre Massagetechnik sowie ihre Produkte an die Bed\u00fcrfnisse der heutigen Welt und des westlichen Lebens angepasst hat. Diese Sitzungen beleben, entspannen und n\u00e4hren die Haut. Sie sorgen f\u00fcr Entspannung, Wohlbefinden und geben dem K\u00f6rper ein Gef\u00fchl von Leichtigkeit und Energie.<br>\n<br>\n<span style=\"text-decoration: underline;\"><strong>Angebotene Behandlungen:<\/strong><\/span><br>\n<br>\n&nbsp;<br>\n<br>\n<strong>GESICHTSMASSAGE 25\u20ac<\/strong><br>\n<br>\n&nbsp;<br>\n<br>\n<strong>R\u00dcCKENMASSAGE 48\u20ac<\/strong><br>\n<br>\n&nbsp;<br>\n<br>\n<strong>ABHYANGA-Sitzung 80 \u20ac<\/strong><br>\n<br>\n(Straffende und entspannende K\u00f6rpermassage)<br>\n<br>\n&nbsp;<br>\n<br>\n<strong>SHIRODHARA-Sitzung 45 \u20ac<\/strong><br>\n<br>\n(Kontinuierliche Anwendung von hei\u00dfem \u00d6l auf der Stirn, entspannt das Nervensystem tief und l\u00f6st Verspannungen)<br>\n<br>\n&nbsp;<br>\n<br>\n<strong>UM EINE SITZUNG ZU BUCHEN 06 85 10 93 27<\/strong>\t\t\t\t\t\t\t\t<\/div>\n\t\t\t\t\t<\/div>\n\t\t<\/div>\n\t\t\t\t\t<\/div>\n\t\t<\/section>\n\t\t\t\t<\/div>\n\t\t","protected":false},"excerpt":{"rendered":"<p>Wohlbefinden Neuheit Lichttherapie Lust, fit in den Tag zu starten? Nach dem Mittagessen eine kurze Pause zu machen? Wir haben die L\u00f6sung mit Lichttherapie-Sitzungen! Am Morgen sorgen diese Sitzungen daf\u00fcr, dass Sie dank positiver Visualisierung gest\u00e4rkt in den Tag starten. Nachmittags gibt es echte Turboschl\u00e4fchen, die eine erholsame Pause mit Musik erm\u00f6glichen und gleichzeitig den [&hellip;]<\/p>\n","protected":false},"author":1,"featured_media":0,"parent":0,"menu_order":0,"comment_status":"closed","ping_status":"closed","template":"","meta":{"_acf_changed":false,"footnotes":""},"coauthors":[7],"class_list":["post-1354","page","type-page","status-publish","hentry"],"acf":[],"_links":{"self":[{"href":"https:\/\/www.restaurant-koehler.com\/de\/wp-json\/wp\/v2\/pages\/1354","targetHints":{"allow":["GET"]}}],"collection":[{"href":"https:\/\/www.restaurant-koehler.com\/de\/wp-json\/wp\/v2\/pages"}],"about":[{"href":"https:\/\/www.restaurant-koehler.com\/de\/wp-json\/wp\/v2\/types\/page"}],"author":[{"embeddable":true,"href":"https:\/\/www.restaurant-koehler.com\/de\/wp-json\/wp\/v2\/users\/1"}],"replies":[{"embeddable":true,"href":"https:\/\/www.restaurant-koehler.com\/de\/wp-json\/wp\/v2\/comments?post=1354"}],"version-history":[{"count":3,"href":"https:\/\/www.restaurant-koehler.com\/de\/wp-json\/wp\/v2\/pages\/1354\/revisions"}],"predecessor-version":[{"id":1898,"href":"https:\/\/www.restaurant-koehler.com\/de\/wp-json\/wp\/v2\/pages\/1354\/revisions\/1898"}],"wp:attachment":[{"href":"https:\/\/www.restaurant-koehler.com\/de\/wp-json\/wp\/v2\/media?parent=1354"}],"wp:term":[{"taxonomy":"author","embeddable":true,"href":"https:\/\/www.restaurant-koehler.com\/de\/wp-json\/wp\/v2\/coauthors?post=1354"}],"curies":[{"name":"wp","href":"https:\/\/api.w.org\/{rel}","templated":true}]}}