{"id":1336,"date":"2022-10-24T14:44:44","date_gmt":"2022-10-24T12:44:44","guid":{"rendered":"https:\/\/www.restaurant-koehler.com\/umgebung\/"},"modified":"2024-02-13T10:32:54","modified_gmt":"2024-02-13T09:32:54","slug":"umgebung","status":"publish","type":"page","link":"https:\/\/www.restaurant-koehler.com\/de\/umgebung\/","title":{"rendered":"Umfeld"},"content":{"rendered":"\t\t<div data-elementor-type=\"wp-page\" data-elementor-id=\"1336\" class=\"elementor elementor-1336 elementor-192\" data-elementor-post-type=\"page\">\n\t\t\t\t\t\t<section class=\"elementor-section elementor-top-section elementor-element elementor-element-20525df elementor-section-full_width elementor-section-height-min-height elementor-section-items-stretch elementor-section-height-default\" data-id=\"20525df\" data-element_type=\"section\" data-e-type=\"section\">\n\t\t\t\t\t\t<div class=\"elementor-container elementor-column-gap-default\">\n\t\t\t\t\t<div class=\"elementor-column elementor-col-100 elementor-top-column elementor-element elementor-element-18eef76 elementor-invisible\" data-id=\"18eef76\" data-element_type=\"column\" data-e-type=\"column\" data-settings=\"{&quot;background_background&quot;:&quot;classic&quot;,&quot;animation&quot;:&quot;fadeIn&quot;}\">\n\t\t\t<div class=\"elementor-widget-wrap elementor-element-populated\">\n\t\t\t\t\t<div class=\"elementor-background-overlay\"><\/div>\n\t\t\t\t\t\t<div class=\"elementor-element elementor-element-f134a79 elementor-widget elementor-widget-heading\" data-id=\"f134a79\" data-element_type=\"widget\" data-e-type=\"widget\" data-widget_type=\"heading.default\">\n\t\t\t\t\t<h1 class=\"elementor-heading-title elementor-size-default\">Umfeld<\/h1>\t\t\t\t<\/div>\n\t\t\t\t\t<\/div>\n\t\t<\/div>\n\t\t\t\t\t<\/div>\n\t\t<\/section>\n\t\t\t\t<section class=\"elementor-section elementor-top-section elementor-element elementor-element-77144df elementor-section-boxed elementor-section-height-default elementor-section-height-default\" data-id=\"77144df\" data-element_type=\"section\" data-e-type=\"section\">\n\t\t\t\t\t\t<div class=\"elementor-container elementor-column-gap-default\">\n\t\t\t\t\t<div class=\"elementor-column elementor-col-100 elementor-top-column elementor-element elementor-element-09581c0 elementor-invisible\" data-id=\"09581c0\" data-element_type=\"column\" data-e-type=\"column\" data-settings=\"{&quot;animation&quot;:&quot;fadeInUp&quot;}\">\n\t\t\t<div class=\"elementor-widget-wrap elementor-element-populated\">\n\t\t\t\t\t\t<div class=\"elementor-element elementor-element-06d720f elementor-widget elementor-widget-heading\" data-id=\"06d720f\" data-element_type=\"widget\" data-e-type=\"widget\" data-widget_type=\"heading.default\">\n\t\t\t\t\t<div class=\"elementor-heading-title elementor-size-default\">Tourismus<\/div>\t\t\t\t<\/div>\n\t\t\t\t<div class=\"elementor-element elementor-element-5d126ca elementor-widget elementor-widget-heading\" data-id=\"5d126ca\" data-element_type=\"widget\" data-e-type=\"widget\" data-widget_type=\"heading.default\">\n\t\t\t\t\t<h2 class=\"elementor-heading-title elementor-size-default\">\nWesthalten und sein Weinberg<\/h2>\t\t\t\t<\/div>\n\t\t\t\t<div class=\"elementor-element elementor-element-a0ed1df elementor-widget elementor-widget-text-editor\" data-id=\"a0ed1df\" data-element_type=\"widget\" data-e-type=\"widget\" data-widget_type=\"text-editor.default\">\n\t\t\t\t\t\t\t\t\t<p>Westhalten liegt am Eingang zum \u201eNoble Valley\u201c, eingebettet zwischen den H\u00fcgeln \u201eStrangenberg\u201c, \u201eBollenberg\u201c und \u201eZinnkoepfl\u00e9\u201c, und erstreckt sich an deren H\u00e4ngen mit seinen Weinbergen.  <\/p>\n<p>Diese drei H\u00fcgel sind einzigartig in Europa: Nach den letzten Eiszeiten vor rund 8000 Jahren trat im Elsass eine hei\u00dfe und trockene Zeit ein. Das Rheinland ist die Heimat der mediterranen Flora und Fauna. Insekten, Reptilien, Orchideen, Ringfische und Fraxinellen besiedeln die gesamte Region.<\/p>\n<p>Doch ein Jahrtausend sp\u00e4ter kommt es zu einer neuen Klimawende.<br \/>Dies zwingt diese empfindlichen Arten zum Verschwinden. F\u00fcr ihr \u00dcberleben im Rheingraben stand ihnen nur ein Zufluchtsort zur Verf\u00fcgung: die Untervogesen-H\u00fcgel der Region Rouffach und ihr au\u00dfergew\u00f6hnlich hei\u00dfes und trockenes Mikroklima (f\u00fcr kurze Zeit konnte man dort die Zikade h\u00f6ren!).<\/p>\n<p>Diese lebendige Prozession hat bis heute auf den Trockenmooren von Bollenberg, Strangenberg und Zinnkoepfl\u00e9 \u00fcberlebt und ist daher einzigartig in Europa: Sie ist ein echtes lebendiges Relikt einer mehrere Jahrtausende alten Vergangenheit. Die Vielzahl seltener Arten, die zusammen dieses \u00d6kosystem bilden, zeugen von der au\u00dfergew\u00f6hnlichen Dimension dieses Naturerbes und gesch\u00fctzten Ortes.<\/p>\n<p>Dar\u00fcber hinaus bietet ihre privilegierte Lage ein einzigartiges Panorama auf die els\u00e4ssische Ebene und die Schweizer Alpen. Zinnkoepfl\u00e9 wurde bereits von unseren heidnischen Vorfahren bei Sonnenanbetungszeremonien gefeiert (nach denen es benannt ist) und wird seit jeher zu den besten Ausstellungen im Elsass gez\u00e4hlt. Es hat sich einen festen Ruf erworben.<br \/>Es ist der h\u00f6chstgelegene Weinberg im Elsass (440 m); Es produziert guten Pinot Gris und Gew\u00fcrztraminer und ist ein ausgezeichnetes Terroir f\u00fcr Sylvaner. Westhalten hat auch einen zweiten Grand Cru, den es mit Rouffach teilt: Vorburg<\/p>\n\t\t\t\t\t\t\t\t<\/div>\n\t\t\t\t<div class=\"elementor-element elementor-element-7259e3e elementor-widget elementor-widget-image\" data-id=\"7259e3e\" data-element_type=\"widget\" data-e-type=\"widget\" data-widget_type=\"image.default\">\n\t\t\t\t\t\t\t\t\t\t\t\t\t\t\t<img fetchpriority=\"high\" decoding=\"async\" width=\"1280\" height=\"960\" src=\"https:\/\/www.restaurant-koehler.com\/wp-content\/uploads\/2022\/10\/alentours-2.jpg\" class=\"attachment-full size-full wp-image-486\" alt=\"\" srcset=\"https:\/\/www.restaurant-koehler.com\/wp-content\/uploads\/2022\/10\/alentours-2.jpg 1280w, https:\/\/www.restaurant-koehler.com\/wp-content\/uploads\/2022\/10\/alentours-2-medium.jpg 300w, https:\/\/www.restaurant-koehler.com\/wp-content\/uploads\/2022\/10\/alentours-2-large.jpg 1024w, https:\/\/www.restaurant-koehler.com\/wp-content\/uploads\/2022\/10\/alentours-2-medium_large.jpg 768w\" sizes=\"(max-width: 1280px) 100vw, 1280px\" \/>\t\t\t\t\t\t\t\t\t\t\t\t\t\t\t<\/div>\n\t\t\t\t\t<\/div>\n\t\t<\/div>\n\t\t\t\t\t<\/div>\n\t\t<\/section>\n\t\t\t\t<section class=\"elementor-section elementor-top-section elementor-element elementor-element-33b5a20 elementor-reverse-mobile elementor-section-boxed elementor-section-height-default elementor-section-height-default\" data-id=\"33b5a20\" data-element_type=\"section\" data-e-type=\"section\">\n\t\t\t\t\t\t<div class=\"elementor-container elementor-column-gap-default\">\n\t\t\t\t\t<div class=\"elementor-column elementor-col-100 elementor-top-column elementor-element elementor-element-bdefd13 elementor-invisible\" data-id=\"bdefd13\" data-element_type=\"column\" data-e-type=\"column\" data-settings=\"{&quot;animation&quot;:&quot;fadeInUp&quot;}\">\n\t\t\t<div class=\"elementor-widget-wrap elementor-element-populated\">\n\t\t\t\t\t\t<div class=\"elementor-element elementor-element-ec04d7e elementor-widget elementor-widget-heading\" data-id=\"ec04d7e\" data-element_type=\"widget\" data-e-type=\"widget\" data-widget_type=\"heading.default\">\n\t\t\t\t\t<div class=\"elementor-heading-title elementor-size-default\">Entdecken<\/div>\t\t\t\t<\/div>\n\t\t\t\t<div class=\"elementor-element elementor-element-14f7a08 elementor-widget elementor-widget-heading\" data-id=\"14f7a08\" data-element_type=\"widget\" data-e-type=\"widget\" data-widget_type=\"heading.default\">\n\t\t\t\t\t<h2 class=\"elementor-heading-title elementor-size-default\">Tourismus und Aktivit\u00e4ten<\/h2>\t\t\t\t<\/div>\n\t\t\t\t<div class=\"elementor-element elementor-element-8ccfe6e elementor-widget elementor-widget-text-editor\" data-id=\"8ccfe6e\" data-element_type=\"widget\" data-e-type=\"widget\" data-widget_type=\"text-editor.default\">\n\t\t\t\t\t\t\t\t\t<p><strong>FREIZEIT UND ENTDECKUNG<\/strong><\/p>\n<p>Die privilegierte Lage der Auberge du Cheval Blanc im Herzen des els\u00e4ssischen Weinbergs erm\u00f6glicht Ihnen einen schnellen Zugang zu vielen Sehensw\u00fcrdigkeiten und Freizeitaktivit\u00e4ten.<\/p>\n<p><strong>DER KLEINE PRINZPARK<\/strong><\/p>\n<p><span style=\"text-decoration: underline;\"><a href=\"http:\/\/www.parcdupetitprince.com\/\" target=\"_blank\" rel=\"noopener\">Der Park des Kleinen Prinzen<\/a><\/span> \u00f6ffnete am 1. Juli 2014 im Elsass in Ungersheim seine Pforten. Als weltweit erster Luftpark l\u00e4sst er seine Besucher auf einer Fl\u00e4che von 23 Hektar in mehrere Welten eintauchen: die Planeten, das A\u00e9ropostal-Abenteuer. Mit Fesselballons k\u00f6nnen Sie in die L\u00fcfte steigen und das herrliche Panorama genie\u00dfen!<br \/>TICKETS SIND AN DER REZEPTION IM VERKAUF!<\/p>\n<p><strong>Europas gr\u00f6\u00dfter Vergn\u00fcgungspark: Europa Park 50 Autominuten entfernt!  <\/strong><\/p>\n<p>Entdecken Sie den gr\u00f6\u00dften Vergn\u00fcgungspark Europas! Sensationen garantiert!!!!!<\/p>\n<p><strong>DAS ELSASS-\u00d6KOMUSEUM<\/strong><\/p>\n<p>Entdecken Sie das Elsass, seine Kultur, seine Traditionen und sein Handwerk, indem Sie das Dorf des <a href=\"http:\/\/www.ecomusee-alsace.fr\/fr\/\" target=\"_blank\" rel=\"noopener\"><span style=\"text-decoration: underline;\">Ecomus\u00e9e Ungersheim<\/span><\/a> besuchen.<\/p>\n<p><strong>DIE ELSASSISCHE WEINSTRASSE (VON THANN NACH MARLENHEIM)<\/strong><\/p>\n<p>Kommen Sie und entdecken Sie die Sch\u00f6nheit <span style=\"text-decoration: underline;\"><a href=\"http:\/\/www.alsace-route-des-vins.com\/\" target=\"_blank\" rel=\"noopener\">der Els\u00e4sser Weinstra\u00dfe<\/a><\/span> , den Charme der Weinberge und treffen Sie die Winzer, die diese Route markieren.<\/p>\n<p><strong>DIE CREST-ROUTE (AUSSER WINTERZEIT)<\/strong><\/p>\n<p>G\u00f6nnen Sie sich einen erfrischenden Spaziergang entlang <span style=\"text-decoration: underline;\"><a href=\"http:\/\/www.tourisme-alsace.com\/fr\/les-sites-incontournables\/incontournables-la-route-des-cretes.html\" target=\"_blank\" rel=\"noopener\">der Route de Cr\u00eates<\/a><\/span> in einer Postkartenlandschaft.<\/p>\n<p><strong>DAS PARADIES DER QUELLEN<\/strong><\/p>\n<p>Eingebettet im Herzen unseres wundersch\u00f6nen Tals zwischen W\u00e4ldern und Weinbergen wird dieser <a href=\"http:\/\/www.leparadisdessources.com\/\" target=\"_blank\" rel=\"noopener\">Musiksaal<\/a> die Geselligkeit und Magie seiner Essensshows mit Ihnen teilen.<\/p>\n<p><strong>G\u00f6nnen Sie sich einen Hauch frischer Luft!<\/strong><\/p>\n<p>Abwechslungsreiche Aktivit\u00e4ten f\u00fcr alle, die sich sportlich bet\u00e4tigen und dabei das Panorama genie\u00dfen m\u00f6chten.<\/p>\n<p>&#8211; Wandern<br \/>Kommen Sie und erkunden Sie die vielen vom <span style=\"text-decoration: underline;\"><a href=\"http:\/\/leblog.club-vosgien-strasbourg.net%3Cbr%20\/%3E\/\" target=\"_blank\" rel=\"noopener\">Vosgien Club<\/a><\/span> markierten Wanderwege, darunter auch unsere herrlichen Weinwanderwege.<\/p>\n<p>\u2013 Abfahrt von Westhalten<br \/>* 2h20: Westhalten, Strangenberg, Notre Dame du Hubel (rotes Dreieck),<br \/>Zinnkoepfl\u00e9, Soultzmatt (wei\u00dfes Rechteck), Westhalten (rotes Dreieck)<\/p>\n<p>* 3h30: Westhalten, Strangenberg, Schauenberg (rotes Dreieck und rotes Kreuz),<br \/>Wanderweg Haut Notre Dame de Hubel, Zinnkoepfl\u00e9, Soultzmatt (wei\u00dfes Rechteck), Westhalten (rotes Dreieck)<\/p>\n<p>Die GR-Karte ist an der Hotelrezeption erh\u00e4ltlich oder im Tourismusb\u00fcro Rouffach erh\u00e4ltlich.<\/p>\n<p>\u2013 Fahrradtouren<br \/>Die Auberge du Cheval Blanc liegt in der N\u00e4he von 7 Radwegen<br \/>(Abfahrt von Westhalten und Umgebung) und eine Mountainbike-Runde ab Rouffach<\/p>\n<p>\u2013 <span style=\"text-decoration: underline;\"><a href=\"http:\/\/alsacegolflinks.com\/index.php\/fr\/\" target=\"_blank\" rel=\"noopener\">Der Golf von Rouffach<\/a><\/span><br \/>Gelegen in einer malerischen Landschaft mit einem Design im \u201eLinks\u201c-Stil, das die Tradition des Golfsports respektiert,<br \/>Der 18-Loch-Platz des Alsace Golf Club bietet einen herrlichen Panoramablick auf die Vogesenh\u00fcgel.<br \/><span style=\"text-decoration: underline;\"><a href=\"http:\/\/www.alsacegolfclub.com\/\" target=\"_blank\" rel=\"noopener\">www.alsacegolfclub.com<\/a><\/span><\/p>\n<p>Weitere Informationen erhalten Sie auf Anfrage gerne vor Ort.<\/p>\n<p><span style=\"text-decoration: underline;\"><a href=\"http:\/\/www.auberge-chevalblc.com\/documents\/index.php?doc=5042294b606ab6.74286549.pdf\" target=\"_blank\" rel=\"noopener\">Wandern: Westhalten und seine Grands Crus<\/a><\/span><\/p>\n\t\t\t\t\t\t\t\t<\/div>\n\t\t\t\t<div class=\"elementor-element elementor-element-17c27c0 elementor-widget elementor-widget-image\" data-id=\"17c27c0\" data-element_type=\"widget\" data-e-type=\"widget\" data-widget_type=\"image.default\">\n\t\t\t\t\t\t\t\t\t\t\t\t\t\t\t<img decoding=\"async\" width=\"1197\" height=\"718\" src=\"https:\/\/www.restaurant-koehler.com\/wp-content\/uploads\/2022\/10\/big-18098-alentours.jpg\" class=\"attachment-full size-full wp-image-487\" alt=\"\" srcset=\"https:\/\/www.restaurant-koehler.com\/wp-content\/uploads\/2022\/10\/big-18098-alentours.jpg 1197w, https:\/\/www.restaurant-koehler.com\/wp-content\/uploads\/2022\/10\/big-18098-alentours-medium.jpg 300w, https:\/\/www.restaurant-koehler.com\/wp-content\/uploads\/2022\/10\/big-18098-alentours-large.jpg 1024w, https:\/\/www.restaurant-koehler.com\/wp-content\/uploads\/2022\/10\/big-18098-alentours-medium_large.jpg 768w\" sizes=\"(max-width: 1197px) 100vw, 1197px\" \/>\t\t\t\t\t\t\t\t\t\t\t\t\t\t\t<\/div>\n\t\t\t\t\t<\/div>\n\t\t<\/div>\n\t\t\t\t\t<\/div>\n\t\t<\/section>\n\t\t\t\t<section class=\"elementor-section elementor-top-section elementor-element elementor-element-f905b96 elementor-section-boxed elementor-section-height-default elementor-section-height-default\" data-id=\"f905b96\" data-element_type=\"section\" data-e-type=\"section\">\n\t\t\t\t\t\t<div class=\"elementor-container elementor-column-gap-default\">\n\t\t\t\t\t<div class=\"elementor-column elementor-col-100 elementor-top-column elementor-element elementor-element-fe5e778 elementor-invisible\" data-id=\"fe5e778\" data-element_type=\"column\" data-e-type=\"column\" data-settings=\"{&quot;animation&quot;:&quot;fadeInUp&quot;}\">\n\t\t\t<div class=\"elementor-widget-wrap elementor-element-populated\">\n\t\t\t\t\t\t<div class=\"elementor-element elementor-element-ece5f5d elementor-widget elementor-widget-heading\" data-id=\"ece5f5d\" data-element_type=\"widget\" data-e-type=\"widget\" data-widget_type=\"heading.default\">\n\t\t\t\t\t<div class=\"elementor-heading-title elementor-size-default\">Empfehlungen<\/div>\t\t\t\t<\/div>\n\t\t\t\t<div class=\"elementor-element elementor-element-1246d20 elementor-widget elementor-widget-heading\" data-id=\"1246d20\" data-element_type=\"widget\" data-e-type=\"widget\" data-widget_type=\"heading.default\">\n\t\t\t\t\t<h2 class=\"elementor-heading-title elementor-size-default\">Unsere Partner<\/h2>\t\t\t\t<\/div>\n\t\t\t\t<div class=\"elementor-element elementor-element-231ac3b elementor-widget elementor-widget-text-editor\" data-id=\"231ac3b\" data-element_type=\"widget\" data-e-type=\"widget\" data-widget_type=\"text-editor.default\">\n\t\t\t\t\t\t\t\t\t<p><b>Michel CLUIZEL<\/b> \u2013 Schokolade<br \/><a href=\"http:\/\/www.cluizel.com\/fr\/\" target=\"_blank\" rel=\"noopener\">http:\/\/www.cluizel.com\/fr  <\/a><\/p>\n<p><b>Bauernhof MOTSCH-GOLLENTZ in Osenbach<\/b> \u2013 Joghurts<br \/><a href=\"http:\/\/www.lesyaourtsdesandrine.fr\/\" target=\"_blank\" rel=\"noopener\">http:\/\/www.lesyaourtsdesandrine.fr<\/a><\/p>\n<p><b>Die<\/b> <strong>Noble Valley Press in Westhalten<\/strong> \u2013 Fruchts\u00e4fte<br \/><a href=\"http:\/\/www.saveurs-terroirs.fr\/\" target=\"_blank\" rel=\"noopener\">http:\/\/www.saveurs-terroirs.fr<\/a><\/p>\n<p><b>Fromagerie Saint Nicolas in Buhl \u2013 Me J.Quesnot<\/b> \u2013 Gereifter K\u00e4se<br \/><a href=\"http:\/\/www.fromagerie-st-nicolas.com\/\" target=\"_blank\" rel=\"noopener\">http:\/\/www.fromagerie-st-nicolas.com<\/a><\/p>\n<p><b>La Laiterie de Pamplie<\/b> \u2013 S\u00fc\u00dfe und halbgesalzene Butter<br \/><a href=\"http:\/\/www.laiteriedepamplie.com\/beurres\/\" target=\"_blank\" rel=\"noopener\">http:\/\/www.laiteriedepamplie.com\/beurres<\/a><\/p>\n<p><b>B\u00e4ckerei Gwinner in Osenbach<\/b> \u2013 Le Pain<br \/><a href=\"http:\/\/www.boulangerie-gwinner.fr\/\" target=\"_blank\" rel=\"noopener\">http:\/\/www.boulangerie-gwinner.fr<\/a><\/p>\n<p><b>Domaine des Terres Rouges<\/b> \u2013 Libeluile-Oliven\u00f6l<br \/><a href=\"http:\/\/www.libeluile.fr\/\" target=\"_blank\" rel=\"noopener\">http:\/\/www.libeluile.fr<\/a><\/p>\n<p><b>R.SIFFERT<\/b> in Colmar-Les L\u00e9gumes<br \/><a href=\"http:\/\/www.siffert.fr\/\" target=\"_blank\" rel=\"noopener\">http:\/\/www.siffert.fr<\/a><\/p>\n<p><b>THUE T Farm<\/b> <strong>in Blodelsheim<\/strong> \u2013 Les Oeufs, Le Lapin, La Pintade<br \/><a href=\"http:\/\/www.bienvenue-a-la-ferme.com\/alsace\/haut-rhin\/blodelsheim\/ferme\/ferme-marie-et-patrick-thuet\/96287\" target=\"_blank\" rel=\"noopener\">Ferme Marie &amp; Patrick THUET<\/a><\/p>\n<p><b>GUIDAT-Fischzucht<\/b> <strong>in Orbey<\/strong> \u2013 Fario-Forelle<br \/><a href=\"http:\/\/www.bienvenue-a-la-ferme.com\/alsace\/haut-rhin\/orbey\/ferme\/pisciculture-francois-guidat\/496909\" target=\"_blank\" rel=\"noopener\">Fischzucht Fran\u00e7ois GUIDAT<\/a><\/p>\n<p><strong>Les Jardins En-Chantant \u2013<\/strong> Au\u00dfergew\u00f6hnliches Gem\u00fcse <a href=\"https:\/\/www.lesjardinsenchantants.com\/\">https:\/\/www.lesjardinsenchantants.com\/<\/a><\/p>\n<p><b>Ferme P&#8217;tits Fruits Famille GAECHTER<\/b> <strong>in Guebwiller<\/strong><br \/>Himbeeren und Brombeeren <a style=\"background-color: #ffffff; font-size: 1rem;\" href=\"http:\/\/www.ferme-des-petits-fruits.com\/fr\">http:\/\/www.ferme-des-petits-fruits.com\/fr<\/a><\/p>\n<p><b>Th\u00e9o Kiffer bei Nordhouse<\/b> \u2013 Les Pigeons<br \/><a href=\"http:\/\/www.grandried.fr\/LEI\/Ferme-Kieffer-:-le-Duwehof.htm?HTMLPage=\/tourisme\/vente-ferme-en-alsace-grand-ried.htm&amp;action=&amp;page=2&amp;commune=&amp;categorie=1900050s1900227\" target=\"_blank\" rel=\"noopener\">Bauernhof Kieffer \u2013 Der Duwenhof<\/a><\/p>\n<p><b>R\u00f6sterei Schreiber-Bombenger in M\u00fcnster<\/b> \u2013 Le Caf\u00e9<br \/><a href=\"http:\/\/www.cafe-schreiber.fr\/\" target=\"_blank\" rel=\"noopener\">http:\/\/www.cafe-schreiber.fr<\/a><\/p>\n<p><b>Roland Freyburger<\/b> \u2013 Essig, Sirupe und Gem\u00fcse<\/p>\n<p><b>Les Snails du Florival in Lautenbach-Zell, David Kieffer<\/b><br \/> <a href=\"https:\/\/www.escargotduflorival.fr\/nos-clients-nos-fournisseurs\/\" target=\"_blank\" rel=\"noopener\">https:\/\/www.escargotduflorival.fr\/nos-clients-nos-fournisseurs\/<\/a><\/p>\n<p><b>La Ferme S\u00e9bastien Fuchs Obersaasheim<\/b> \u2013 Bio-Dinkelmehl (Sp\u00e4tzle, Pfannkuchen, Kartoffelbrot)<br \/><a href=\"http:\/\/www.ferme-fuchs.fr\/\">http:\/\/www.ferme-fuchs.fr\/<\/a><\/p>\n<p><b>Obst und Gem\u00fcse<\/b> \u2013 Sylvie Buchly Munwiller, Roland Freyburger Habsheim, Olivier Gutleben Munwiller (Bio)<\/p>\n<p><b>V\u00e9ronique und Ren\u00e9 Zimpfer Soultz<\/b> \u2013 Das Schwein<br \/><a href=\"http:\/\/fermezimpfer.com\/\">http:\/\/fermezimpfer.com\/<\/a><\/p>\n<p class=\"article__body\"><b>Jean-Paul Kessler in Soultz<\/b> \u2013 La Fraise<br \/><a href=\"http:\/\/www.fraises-kessler.fr\/\">http:\/\/www.fraises-kessler.fr\/<\/a><\/p>\n<p><b>Muriel und Bertrand Frick in Gundolsheim<\/b> \u2013 L\u2019Asperge<br \/><a href=\"http:\/\/asperges-frick.fr\/\">http:\/\/asperges-frick.fr\/<\/a><\/p>\n<p><strong>Jagdvereine Westhalten und Ingersheim<\/strong> \u2013 Wild<\/p>\n<p><b>Ferme Schmitt in Bischoffsheim<\/b> \u2013 Entenstopfleber, Els\u00e4sser Schwarze Henne, Els\u00e4sser Gefl\u00fcgel<br \/><a href=\"https:\/\/www.lafermeschmitt.com\/\">https:\/\/www.lafermeschmitt.com<\/a><\/p>\n\t\t\t\t\t\t\t\t<\/div>\n\t\t\t\t<div class=\"elementor-element elementor-element-fd5c013 elementor-widget elementor-widget-image\" data-id=\"fd5c013\" data-element_type=\"widget\" data-e-type=\"widget\" data-widget_type=\"image.default\">\n\t\t\t\t\t\t\t\t\t\t\t\t\t\t\t<img decoding=\"async\" width=\"1505\" height=\"1000\" src=\"https:\/\/www.restaurant-koehler.com\/wp-content\/uploads\/2022\/10\/alentours-1.jpg\" class=\"attachment-full size-full wp-image-488\" alt=\"\" srcset=\"https:\/\/www.restaurant-koehler.com\/wp-content\/uploads\/2022\/10\/alentours-1.jpg 1505w, https:\/\/www.restaurant-koehler.com\/wp-content\/uploads\/2022\/10\/alentours-1-medium.jpg 300w, https:\/\/www.restaurant-koehler.com\/wp-content\/uploads\/2022\/10\/alentours-1-large.jpg 1024w, https:\/\/www.restaurant-koehler.com\/wp-content\/uploads\/2022\/10\/alentours-1-medium_large.jpg 768w\" sizes=\"(max-width: 1505px) 100vw, 1505px\" \/>\t\t\t\t\t\t\t\t\t\t\t\t\t\t\t<\/div>\n\t\t\t\t\t<\/div>\n\t\t<\/div>\n\t\t\t\t\t<\/div>\n\t\t<\/section>\n\t\t\t\t<\/div>\n\t\t","protected":false},"excerpt":{"rendered":"<p>Umfeld Tourismus Westhalten und sein Weinberg Westhalten liegt am Eingang zum \u201eNoble Valley\u201c, eingebettet zwischen den H\u00fcgeln \u201eStrangenberg\u201c, \u201eBollenberg\u201c und \u201eZinnkoepfl\u00e9\u201c, und erstreckt sich an deren H\u00e4ngen mit seinen Weinbergen. Diese drei H\u00fcgel sind einzigartig in Europa: Nach den letzten Eiszeiten vor rund 8000 Jahren trat im Elsass eine hei\u00dfe und trockene Zeit ein. Das [&hellip;]<\/p>\n","protected":false},"author":1,"featured_media":0,"parent":0,"menu_order":0,"comment_status":"closed","ping_status":"closed","template":"","meta":{"_acf_changed":false,"footnotes":""},"coauthors":[],"class_list":["post-1336","page","type-page","status-publish","hentry"],"acf":[],"_links":{"self":[{"href":"https:\/\/www.restaurant-koehler.com\/de\/wp-json\/wp\/v2\/pages\/1336","targetHints":{"allow":["GET"]}}],"collection":[{"href":"https:\/\/www.restaurant-koehler.com\/de\/wp-json\/wp\/v2\/pages"}],"about":[{"href":"https:\/\/www.restaurant-koehler.com\/de\/wp-json\/wp\/v2\/types\/page"}],"author":[{"embeddable":true,"href":"https:\/\/www.restaurant-koehler.com\/de\/wp-json\/wp\/v2\/users\/1"}],"replies":[{"embeddable":true,"href":"https:\/\/www.restaurant-koehler.com\/de\/wp-json\/wp\/v2\/comments?post=1336"}],"version-history":[{"count":3,"href":"https:\/\/www.restaurant-koehler.com\/de\/wp-json\/wp\/v2\/pages\/1336\/revisions"}],"predecessor-version":[{"id":1914,"href":"https:\/\/www.restaurant-koehler.com\/de\/wp-json\/wp\/v2\/pages\/1336\/revisions\/1914"}],"wp:attachment":[{"href":"https:\/\/www.restaurant-koehler.com\/de\/wp-json\/wp\/v2\/media?parent=1336"}],"wp:term":[{"taxonomy":"author","embeddable":true,"href":"https:\/\/www.restaurant-koehler.com\/de\/wp-json\/wp\/v2\/coauthors?post=1336"}],"curies":[{"name":"wp","href":"https:\/\/api.w.org\/{rel}","templated":true}]}}