{"id":1333,"date":"2022-10-24T14:44:24","date_gmt":"2022-10-24T12:44:24","guid":{"rendered":"https:\/\/www.restaurant-koehler.com\/seminare\/"},"modified":"2023-03-09T16:45:22","modified_gmt":"2023-03-09T15:45:22","slug":"seminare","status":"publish","type":"page","link":"https:\/\/www.restaurant-koehler.com\/de\/seminare\/","title":{"rendered":"Seminare"},"content":{"rendered":"\t\t<div data-elementor-type=\"wp-page\" data-elementor-id=\"1333\" class=\"elementor elementor-1333 elementor-188\" data-elementor-post-type=\"page\">\n\t\t\t\t\t\t<section class=\"elementor-section elementor-top-section elementor-element elementor-element-4f7ef40 elementor-section-full_width elementor-section-height-min-height elementor-section-items-stretch elementor-section-height-default\" data-id=\"4f7ef40\" data-element_type=\"section\" data-e-type=\"section\">\n\t\t\t\t\t\t<div class=\"elementor-container elementor-column-gap-default\">\n\t\t\t\t\t<div class=\"elementor-column elementor-col-100 elementor-top-column elementor-element elementor-element-c579396 elementor-invisible\" data-id=\"c579396\" data-element_type=\"column\" data-e-type=\"column\" data-settings=\"{&quot;background_background&quot;:&quot;classic&quot;,&quot;animation&quot;:&quot;fadeIn&quot;}\">\n\t\t\t<div class=\"elementor-widget-wrap elementor-element-populated\">\n\t\t\t\t\t<div class=\"elementor-background-overlay\"><\/div>\n\t\t\t\t\t\t<div class=\"elementor-element elementor-element-2a66254 elementor-widget elementor-widget-heading\" data-id=\"2a66254\" data-element_type=\"widget\" data-e-type=\"widget\" data-widget_type=\"heading.default\">\n\t\t\t\t\t<h1 class=\"elementor-heading-title elementor-size-default\">Seminare<\/h1>\t\t\t\t<\/div>\n\t\t\t\t\t<\/div>\n\t\t<\/div>\n\t\t\t\t\t<\/div>\n\t\t<\/section>\n\t\t\t\t<section class=\"elementor-section elementor-top-section elementor-element elementor-element-4407626 elementor-section-boxed elementor-section-height-default elementor-section-height-default\" data-id=\"4407626\" data-element_type=\"section\" data-e-type=\"section\">\n\t\t\t\t\t\t<div class=\"elementor-container elementor-column-gap-default\">\n\t\t\t\t\t<div class=\"elementor-column elementor-col-100 elementor-top-column elementor-element elementor-element-271c4db elementor-invisible\" data-id=\"271c4db\" data-element_type=\"column\" data-e-type=\"column\" data-settings=\"{&quot;animation&quot;:&quot;fadeInUp&quot;}\">\n\t\t\t<div class=\"elementor-widget-wrap elementor-element-populated\">\n\t\t\t\t\t\t<div class=\"elementor-element elementor-element-5157746 elementor-widget elementor-widget-text-editor\" data-id=\"5157746\" data-element_type=\"widget\" data-e-type=\"widget\" data-widget_type=\"text-editor.default\">\n\t\t\t\t\t\t\t\t\t<p>In der N\u00e4he der Vogesen und der Weinberge des Vall\u00e9e Noble bietet unser Haus einen idealen Ort f\u00fcr Ihre Seminare und Firmenveranstaltungen.<\/p>\n<p>Unsere umfassenden Angebote erm\u00f6glichen es Ihnen, in einer idyllischen Umgebung entspannt zu arbeiten.<\/p>\n<p><img fetchpriority=\"high\" decoding=\"async\" class=\"alignnone wp-image-411 size-large\" src=\"https:\/\/www.restaurant-koehler.com\/wp-content\/uploads\/2022\/10\/446A8139-1024x683.jpg\" alt=\"\" width=\"800\" height=\"534\"><\/p>\n<p>Je nach Ihren Bed\u00fcrfnissen stellen wir Ihnen zur Verf\u00fcgung :<\/p>\n<ul>\n<li>1 Seminarraum mit ca. 20 Pl\u00e4tzen, der vollst\u00e4ndig ausgestattet ist,<\/li>\n<li>1 Speisesaal mit ca. 20 Pl\u00e4tzen, 1 Speisesaal mit ca. 50 Pl\u00e4tzen (bei Leistungen f\u00fcr mehr als 20 Personen)<\/li>\n<li>1 privater Hof, der f\u00fcr einen Empfang im Freien eingerichtet werden kann (wetterabh\u00e4ngig)<\/li>\n<li>Unterkunft: 11 Zimmer in unserer Einrichtung, M\u00f6glichkeit der Unterbringung in einer Partnereinrichtung in der N\u00e4he<\/li>\n<li>Verschiedene Verpflegungsleistungen ab 65 \u20ac\/Person\/Tag<\/li>\n<\/ul>\n<p>Wir haben verschiedene Freizeitanbieter ausgew\u00e4hlt, um Ihnen ein spielerisches Intermezzo zu bieten. Au\u00dferdem haben wir Partnerschaften mit Eventagenturen f\u00fcr die ma\u00dfgeschneiderte Gestaltung all Ihrer Firmenevents.<\/p>\n<p>Z\u00f6gern Sie nicht, uns f\u00fcr weitere Informationen zu kontaktieren :<br \/><span style=\"text-decoration: underline;\"><a href=\"tel:+33389470116\">03 89 47 01 16<\/a><\/span><br \/><span style=\"text-decoration: underline;\"><a href=\"mailto:chevalblanc@restaurantkoehler.com\">chevalblanc@restaurantkoehler.com<\/a><\/span><\/p>\n\t\t\t\t\t\t\t\t<\/div>\n\t\t\t\t\t<\/div>\n\t\t<\/div>\n\t\t\t\t\t<\/div>\n\t\t<\/section>\n\t\t\t\t<section class=\"elementor-section elementor-top-section elementor-element elementor-element-2880f41 elementor-section-boxed elementor-section-height-default elementor-section-height-default\" data-id=\"2880f41\" data-element_type=\"section\" data-e-type=\"section\">\n\t\t\t\t\t\t<div class=\"elementor-container elementor-column-gap-default\">\n\t\t\t\t\t<div class=\"elementor-column elementor-col-100 elementor-top-column elementor-element elementor-element-c996698 elementor-invisible\" data-id=\"c996698\" data-element_type=\"column\" data-e-type=\"column\" data-settings=\"{&quot;background_background&quot;:&quot;classic&quot;,&quot;animation&quot;:&quot;fadeInUp&quot;}\">\n\t\t\t<div class=\"elementor-widget-wrap elementor-element-populated\">\n\t\t\t\t\t\t<div class=\"elementor-element elementor-element-29d83f9 elementor-widget elementor-widget-heading\" data-id=\"29d83f9\" data-element_type=\"widget\" data-e-type=\"widget\" data-widget_type=\"heading.default\">\n\t\t\t\t\t<h3 class=\"elementor-heading-title elementor-size-default\">Kontaktieren Sie uns f\u00fcr eine Angebotsanfrage<\/h3>\t\t\t\t<\/div>\n\t\t\t\t<div class=\"elementor-element elementor-element-d85d047 elementor-button-align-stretch elementor-widget elementor-widget-form\" data-id=\"d85d047\" data-element_type=\"widget\" data-e-type=\"widget\" data-settings=\"{&quot;step_next_label&quot;:&quot;Weiter zu&quot;,&quot;step_previous_label&quot;:&quot;Vorherige&quot;,&quot;button_width&quot;:&quot;100&quot;,&quot;step_type&quot;:&quot;number_text&quot;,&quot;step_icon_shape&quot;:&quot;circle&quot;}\" data-widget_type=\"form.default\">\n\t\t\t\t\t\t\t<form class=\"elementor-form\" method=\"post\" name=\"Formular Anfrage Auskunft Seminare\" aria-label=\"Formular Anfrage Auskunft Seminare\">\n\t\t\t<input type=\"hidden\" name=\"post_id\" value=\"1333\"\/>\n\t\t\t<input type=\"hidden\" name=\"form_id\" value=\"d85d047\"\/>\n\t\t\t<input type=\"hidden\" name=\"referer_title\" value=\"Seminare\" \/>\n\n\t\t\t\t\t\t\t<input type=\"hidden\" name=\"queried_id\" value=\"1333\"\/>\n\t\t\t\n\t\t\t<div class=\"elementor-form-fields-wrapper elementor-labels-above\">\n\t\t\t\t\t\t\t\t<div class=\"elementor-field-type-date elementor-field-group elementor-column elementor-field-group-field_5fab8a9 elementor-col-50 elementor-field-required elementor-mark-required\">\n\t\t\t\t\t\t\t\t\t\t\t\t<label for=\"form-field-field_5fab8a9\" class=\"elementor-field-label\">\n\t\t\t\t\t\t\t\tDatum der Veranstaltung\t\t\t\t\t\t\t<\/label>\n\t\t\t\t\t\t\n\t\t<input type=\"date\" name=\"form_fields[field_5fab8a9]\" id=\"form-field-field_5fab8a9\" class=\"elementor-field elementor-size-sm  elementor-field-textual elementor-date-field\" placeholder=\"Datum der Veranstaltung\" required=\"required\" pattern=\"[0-9]{4}-[0-9]{2}-[0-9]{2}\">\n\t\t\t\t\t\t<\/div>\n\t\t\t\t\t\t\t\t<div class=\"elementor-field-type-number elementor-field-group elementor-column elementor-field-group-field_4932d6f elementor-col-50 elementor-field-required elementor-mark-required\">\n\t\t\t\t\t\t\t\t\t\t\t\t<label for=\"form-field-field_4932d6f\" class=\"elementor-field-label\">\n\t\t\t\t\t\t\t\tAnzahl der Tage\t\t\t\t\t\t\t<\/label>\n\t\t\t\t\t\t\t\t\t<input type=\"number\" name=\"form_fields[field_4932d6f]\" id=\"form-field-field_4932d6f\" class=\"elementor-field elementor-size-sm  elementor-field-textual\" placeholder=\"Anzahl der Tage\" required=\"required\" min=\"\" max=\"\" >\n\t\t\t\t\t\t<\/div>\n\t\t\t\t\t\t\t\t<div class=\"elementor-field-type-number elementor-field-group elementor-column elementor-field-group-field_698375c elementor-col-50 elementor-field-required elementor-mark-required\">\n\t\t\t\t\t\t\t\t\t\t\t\t<label for=\"form-field-field_698375c\" class=\"elementor-field-label\">\n\t\t\t\t\t\t\t\tAnzahl der Personen\t\t\t\t\t\t\t<\/label>\n\t\t\t\t\t\t\t\t\t<input type=\"number\" name=\"form_fields[field_698375c]\" id=\"form-field-field_698375c\" class=\"elementor-field elementor-size-sm  elementor-field-textual\" placeholder=\"Anzahl der Personen\" required=\"required\" min=\"\" max=\"\" >\n\t\t\t\t\t\t<\/div>\n\t\t\t\t\t\t\t\t<div class=\"elementor-field-type-select elementor-field-group elementor-column elementor-field-group-field_d673bfb elementor-col-50 elementor-field-required elementor-mark-required\">\n\t\t\t\t\t\t\t\t\t\t\t\t<label for=\"form-field-field_d673bfb\" class=\"elementor-field-label\">\n\t\t\t\t\t\t\t\tGew\u00fcnschte Leistung\t\t\t\t\t\t\t<\/label>\n\t\t\t\t\t\t\t\t<div class=\"elementor-field elementor-select-wrapper remove-before \">\n\t\t\t<div class=\"select-caret-down-wrapper\">\n\t\t\t\t<svg aria-hidden=\"true\" class=\"e-font-icon-svg e-eicon-caret-down\" viewBox=\"0 0 571.4 571.4\" xmlns=\"http:\/\/www.w3.org\/2000\/svg\"><path d=\"M571 393Q571 407 561 418L311 668Q300 679 286 679T261 668L11 418Q0 407 0 393T11 368 36 357H536Q550 357 561 368T571 393Z\"><\/path><\/svg>\t\t\t<\/div>\n\t\t\t<select name=\"form_fields[field_d673bfb]\" id=\"form-field-field_d673bfb\" class=\"elementor-field-textual elementor-size-sm\" required=\"required\">\n\t\t\t\t\t\t\t\t\t<option value=\"Vermietung eines voll ausgestatteten Seminarraums ohne Verpflegung\/Unterbringung\">Vermietung eines voll ausgestatteten Seminarraums ohne Verpflegung\/Unterbringung<\/option>\n\t\t\t\t\t\t\t\t\t<option value=\"Vermietung eines ausgestatteten Seminarraums mit Verpflegungsleistung\">Vermietung eines ausgestatteten Seminarraums mit Verpflegungsleistung<\/option>\n\t\t\t\t\t\t\t\t\t<option value=\"Vermietung eines voll ausgestatteten Seminarraums mit Verpflegungs- und Unterbringungsleistungen\">Vermietung eines voll ausgestatteten Seminarraums mit Verpflegungs- und Unterbringungsleistungen<\/option>\n\t\t\t\t\t\t\t\t\t<option value=\"Vermietung privater Innenhof (wetterabh\u00e4ngig)\">Vermietung privater Innenhof (wetterabh\u00e4ngig)<\/option>\n\t\t\t\t\t\t\t<\/select>\n\t\t<\/div>\n\t\t\t\t\t\t<\/div>\n\t\t\t\t\t\t\t\t<div class=\"elementor-field-type-select elementor-field-group elementor-column elementor-field-group-field_e5c3562 elementor-col-50 elementor-field-required elementor-mark-required\">\n\t\t\t\t\t\t\t\t\t\t\t\t<label for=\"form-field-field_e5c3562\" class=\"elementor-field-label\">\n\t\t\t\t\t\t\t\tVorschlag f\u00fcr eine Aktivit\u00e4t\t\t\t\t\t\t\t<\/label>\n\t\t\t\t\t\t\t\t<div class=\"elementor-field elementor-select-wrapper remove-before \">\n\t\t\t<div class=\"select-caret-down-wrapper\">\n\t\t\t\t<svg aria-hidden=\"true\" class=\"e-font-icon-svg e-eicon-caret-down\" viewBox=\"0 0 571.4 571.4\" xmlns=\"http:\/\/www.w3.org\/2000\/svg\"><path d=\"M571 393Q571 407 561 418L311 668Q300 679 286 679T261 668L11 418Q0 407 0 393T11 368 36 357H536Q550 357 561 368T571 393Z\"><\/path><\/svg>\t\t\t<\/div>\n\t\t\t<select name=\"form_fields[field_e5c3562]\" id=\"form-field-field_e5c3562\" class=\"elementor-field-textual elementor-size-sm\" required=\"required\">\n\t\t\t\t\t\t\t\t\t<option value=\"Vorschl\u00e4ge mit einer Dauer von 1 bis 2 Stunden\">Vorschl\u00e4ge mit einer Dauer von 1 bis 2 Stunden<\/option>\n\t\t\t\t\t\t\t\t\t<option value=\"Vorschlag f\u00fcr eine Dauer von einem 1\/2 Tag\">Vorschlag f\u00fcr eine Dauer von einem 1\/2 Tag<\/option>\n\t\t\t\t\t\t\t\t\t<option value=\"Kein Vorschlag f\u00fcr eine Aktivit\u00e4t\">Kein Vorschlag f\u00fcr eine Aktivit\u00e4t<\/option>\n\t\t\t\t\t\t\t<\/select>\n\t\t<\/div>\n\t\t\t\t\t\t<\/div>\n\t\t\t\t\t\t\t\t<div class=\"elementor-field-type-text elementor-field-group elementor-column elementor-field-group-name elementor-col-50\">\n\t\t\t\t\t\t\t\t\t\t\t\t<label for=\"form-field-name\" class=\"elementor-field-label\">\n\t\t\t\t\t\t\t\tName\t\t\t\t\t\t\t<\/label>\n\t\t\t\t\t\t\t\t\t\t\t\t\t\t<input size=\"1\" type=\"text\" name=\"form_fields[name]\" id=\"form-field-name\" class=\"elementor-field elementor-size-sm  elementor-field-textual\" placeholder=\"Name\">\n\t\t\t\t\t\t\t\t\t\t\t<\/div>\n\t\t\t\t\t\t\t\t<div class=\"elementor-field-type-text elementor-field-group elementor-column elementor-field-group-field_04c4635 elementor-col-50\">\n\t\t\t\t\t\t\t\t\t\t\t\t<label for=\"form-field-field_04c4635\" class=\"elementor-field-label\">\n\t\t\t\t\t\t\t\tVorname\t\t\t\t\t\t\t<\/label>\n\t\t\t\t\t\t\t\t\t\t\t\t\t\t<input size=\"1\" type=\"text\" name=\"form_fields[field_04c4635]\" id=\"form-field-field_04c4635\" class=\"elementor-field elementor-size-sm  elementor-field-textual\" placeholder=\"Vorname\">\n\t\t\t\t\t\t\t\t\t\t\t<\/div>\n\t\t\t\t\t\t\t\t<div class=\"elementor-field-type-tel elementor-field-group elementor-column elementor-field-group-field_831727a elementor-col-50 elementor-field-required elementor-mark-required\">\n\t\t\t\t\t\t\t\t\t\t\t\t<label for=\"form-field-field_831727a\" class=\"elementor-field-label\">\n\t\t\t\t\t\t\t\tTelefon\t\t\t\t\t\t\t<\/label>\n\t\t\t\t\t\t\t\t<input size=\"1\" type=\"tel\" name=\"form_fields[field_831727a]\" id=\"form-field-field_831727a\" class=\"elementor-field elementor-size-sm  elementor-field-textual\" placeholder=\"Telefon\" required=\"required\" pattern=\"[0-9()#&amp;+*-=.]+\" title=\"Nur Nummern oder Telefon-Zeichen (#, -, *, etc) werden akzeptiert.\">\n\n\t\t\t\t\t\t<\/div>\n\t\t\t\t\t\t\t\t<div class=\"elementor-field-type-email elementor-field-group elementor-column elementor-field-group-email elementor-col-50 elementor-field-required elementor-mark-required\">\n\t\t\t\t\t\t\t\t\t\t\t\t<label for=\"form-field-email\" class=\"elementor-field-label\">\n\t\t\t\t\t\t\t\tE-Mail\t\t\t\t\t\t\t<\/label>\n\t\t\t\t\t\t\t\t\t\t\t\t\t\t<input size=\"1\" type=\"email\" name=\"form_fields[email]\" id=\"form-field-email\" class=\"elementor-field elementor-size-sm  elementor-field-textual\" placeholder=\"E-Mail\" required=\"required\">\n\t\t\t\t\t\t\t\t\t\t\t<\/div>\n\t\t\t\t\t\t\t\t<div class=\"elementor-field-type-text elementor-field-group elementor-column elementor-field-group-field_992a534 elementor-col-50 elementor-field-required elementor-mark-required\">\n\t\t\t\t\t\t\t\t\t\t\t\t<label for=\"form-field-field_992a534\" class=\"elementor-field-label\">\n\t\t\t\t\t\t\t\tUnternehmen\t\t\t\t\t\t\t<\/label>\n\t\t\t\t\t\t\t\t\t\t\t\t\t\t<input size=\"1\" type=\"text\" name=\"form_fields[field_992a534]\" id=\"form-field-field_992a534\" class=\"elementor-field elementor-size-sm  elementor-field-textual\" placeholder=\"Unternehmen\" required=\"required\">\n\t\t\t\t\t\t\t\t\t\t\t<\/div>\n\t\t\t\t\t\t\t\t<div class=\"elementor-field-type-text elementor-field-group elementor-column elementor-field-group-field_fc0d3bb elementor-col-50 elementor-field-required elementor-mark-required\">\n\t\t\t\t\t\t\t\t\t\t\t\t<label for=\"form-field-field_fc0d3bb\" class=\"elementor-field-label\">\n\t\t\t\t\t\t\t\tFunktion\t\t\t\t\t\t\t<\/label>\n\t\t\t\t\t\t\t\t\t\t\t\t\t\t<input size=\"1\" type=\"text\" name=\"form_fields[field_fc0d3bb]\" id=\"form-field-field_fc0d3bb\" class=\"elementor-field elementor-size-sm  elementor-field-textual\" placeholder=\"Funktion\" required=\"required\">\n\t\t\t\t\t\t\t\t\t\t\t<\/div>\n\t\t\t\t\t\t\t\t<div class=\"elementor-field-type-textarea elementor-field-group elementor-column elementor-field-group-message elementor-col-100\">\n\t\t\t\t\t\t\t\t\t\t\t\t<label for=\"form-field-message\" class=\"elementor-field-label\">\n\t\t\t\t\t\t\t\tNachricht\t\t\t\t\t\t\t<\/label>\n\t\t\t\t\t\t<textarea class=\"elementor-field-textual elementor-field  elementor-size-sm\" name=\"form_fields[message]\" id=\"form-field-message\" rows=\"5\" placeholder=\"Nachricht\"><\/textarea>\t\t\t\t<\/div>\n\t\t\t\t\t\t\t\t<div class=\"elementor-field-group elementor-column elementor-field-type-submit elementor-col-100 e-form__buttons\">\n\t\t\t\t\t<button class=\"elementor-button elementor-size-sm\" type=\"submit\">\n\t\t\t\t\t\t<span class=\"elementor-button-content-wrapper\">\n\t\t\t\t\t\t\t\t\t\t\t\t\t\t\t\t\t\t\t\t\t\t<span class=\"elementor-button-text\">Senden Sie<\/span>\n\t\t\t\t\t\t\t\t\t\t\t\t\t<\/span>\n\t\t\t\t\t<\/button>\n\t\t\t\t<\/div>\n\t\t\t<\/div>\n\t\t<\/form>\n\t\t\t\t\t\t<\/div>\n\t\t\t\t\t<\/div>\n\t\t<\/div>\n\t\t\t\t\t<\/div>\n\t\t<\/section>\n\t\t\t\t<\/div>\n\t\t","protected":false},"excerpt":{"rendered":"<p>Seminare In der N\u00e4he der Vogesen und der Weinberge des Vall\u00e9e Noble bietet unser Haus einen idealen Ort f\u00fcr Ihre Seminare und Firmenveranstaltungen. Unsere umfassenden Angebote erm\u00f6glichen es Ihnen, in einer idyllischen Umgebung entspannt zu arbeiten. Je nach Ihren Bed\u00fcrfnissen stellen wir Ihnen zur Verf\u00fcgung : 1 Seminarraum mit ca. 20 Pl\u00e4tzen, der vollst\u00e4ndig ausgestattet [&hellip;]<\/p>\n","protected":false},"author":1,"featured_media":0,"parent":0,"menu_order":0,"comment_status":"closed","ping_status":"closed","template":"","meta":{"_acf_changed":false,"footnotes":""},"coauthors":[],"class_list":["post-1333","page","type-page","status-publish","hentry"],"acf":[],"_links":{"self":[{"href":"https:\/\/www.restaurant-koehler.com\/de\/wp-json\/wp\/v2\/pages\/1333","targetHints":{"allow":["GET"]}}],"collection":[{"href":"https:\/\/www.restaurant-koehler.com\/de\/wp-json\/wp\/v2\/pages"}],"about":[{"href":"https:\/\/www.restaurant-koehler.com\/de\/wp-json\/wp\/v2\/types\/page"}],"author":[{"embeddable":true,"href":"https:\/\/www.restaurant-koehler.com\/de\/wp-json\/wp\/v2\/users\/1"}],"replies":[{"embeddable":true,"href":"https:\/\/www.restaurant-koehler.com\/de\/wp-json\/wp\/v2\/comments?post=1333"}],"version-history":[{"count":3,"href":"https:\/\/www.restaurant-koehler.com\/de\/wp-json\/wp\/v2\/pages\/1333\/revisions"}],"predecessor-version":[{"id":1578,"href":"https:\/\/www.restaurant-koehler.com\/de\/wp-json\/wp\/v2\/pages\/1333\/revisions\/1578"}],"wp:attachment":[{"href":"https:\/\/www.restaurant-koehler.com\/de\/wp-json\/wp\/v2\/media?parent=1333"}],"wp:term":[{"taxonomy":"author","embeddable":true,"href":"https:\/\/www.restaurant-koehler.com\/de\/wp-json\/wp\/v2\/coauthors?post=1333"}],"curies":[{"name":"wp","href":"https:\/\/api.w.org\/{rel}","templated":true}]}}